{"id":1533,"date":"2024-11-18T14:41:56","date_gmt":"2024-11-18T14:41:56","guid":{"rendered":"https:\/\/xn--weinzierl-theaterpdagogik-2ec.de\/?page_id=1533"},"modified":"2026-01-26T17:00:09","modified_gmt":"2026-01-26T17:00:09","slug":"sprachen-lernen-theaterspielen","status":"publish","type":"page","link":"https:\/\/weinzierl-theaterp\u00e4dagogik.de\/?page_id=1533","title":{"rendered":"Sprachen lernen"},"content":{"rendered":"\n<h4 class=\"wp-block-heading has-large-font-size\">sprachen lernen mit und durch Theaterspielen<\/h4>\n\n\n\n<div class=\"wp-block-cover is-light has-custom-content-position is-position-top-center\" style=\"border-top-left-radius:10px;border-top-right-radius:10px;border-bottom-left-radius:10px;border-bottom-right-radius:10px;padding-top:var(--wp--preset--spacing--30);padding-right:0;padding-bottom:var(--wp--preset--spacing--30);padding-left:0;min-height:340px;aspect-ratio:unset;\"><img loading=\"lazy\" decoding=\"async\" width=\"1024\" height=\"549\" class=\"wp-block-cover__image-background wp-image-2366 size-large\" alt=\"\" src=\"https:\/\/weinzierl-theaterp\u00e4dagogik.de\/wp-content\/uploads\/2026\/01\/blob-1-1-1024x549.png\" style=\"object-position:57% 80%\" data-object-fit=\"cover\" data-object-position=\"57% 80%\" srcset=\"https:\/\/weinzierl-theaterp\u00e4dagogik.de\/wp-content\/uploads\/2026\/01\/blob-1-1-1024x549.png 1024w, https:\/\/weinzierl-theaterp\u00e4dagogik.de\/wp-content\/uploads\/2026\/01\/blob-1-1-300x161.png 300w, https:\/\/weinzierl-theaterp\u00e4dagogik.de\/wp-content\/uploads\/2026\/01\/blob-1-1-768x412.png 768w, https:\/\/weinzierl-theaterp\u00e4dagogik.de\/wp-content\/uploads\/2026\/01\/blob-1-1.png 1389w\" sizes=\"auto, (max-width: 1024px) 100vw, 1024px\" \/><span aria-hidden=\"true\" class=\"wp-block-cover__background has-background-dim\" style=\"background-color:#ebfaf7\"><\/span><div class=\"wp-block-cover__inner-container is-layout-flow wp-block-cover-is-layout-flow\">\n<p class=\"has-small-font-size\" style=\"padding-right:var(--wp--preset--spacing--60);padding-left:var(--wp--preset--spacing--60)\">Eine Sprache besteht nicht allein aus Worten, sondern sie beinhaltet Kultur und Geschichte eines Landes, einer ganzen Region oder sogar eines Kontinentes. Sie ist poetisch, sie kann phrasiert und frisiert werden. Sprache wird gesprochen, gelesen, \u00fcbersetzt und interpretiert. Sie ist Medium der Kommunikation, durch Worte, durch Betonung, durch K\u00f6rperhaltung und durch Bewegung.\u00a0<\/p>\n\n\n\n<p class=\"has-small-font-size\" style=\"padding-right:var(--wp--preset--spacing--60);padding-left:var(--wp--preset--spacing--60)\">Hier setzen theaterp\u00e4dagogische Konzepte zum Sprachenlernen an. Indem spielerische Ans\u00e4tze in die Sprachpraxis eingef\u00fchrt werden, kann eine Sprache nicht nur gesprochen, sondern erlebt werden. Dialoge werden nachgesprochen, auswendig gelernt, ver\u00e4ndert und weitergef\u00fchrt. Texte werdenselbst geschrieben, improvisiert und in Szene gesetzt sowie gemeinsam Szenen analysiert, besprochen und neue Worte erlernt.\u00a0<br>Im Mittelpunkt dieser Sessions steht die vertiefte Sprachkompetenz \u2013 durch kreative und szenische Sprachverwendung wird die m\u00fcndliche und schriftliche Ausdrucksf\u00e4higkeit gef\u00f6rdert. Theaterp\u00e4dagogische Methoden erm\u00f6glichen hier die performative Umsetzung sprachlicher Inhalte und st\u00e4rken interkulturelle Ausdrucksformen.<\/p>\n\n\n\n<p class=\"has-small-font-size\" style=\"padding-right:var(--wp--preset--spacing--60);padding-left:var(--wp--preset--spacing--60)\">Mit dieser Grundidee fanden und finden immer wieder Workshops f\u00fcr Sprachlernende, sowie Fortbildungen f\u00fcr Sprachlehrende und Studierende statt.<\/p>\n<\/div><\/div>\n\n\n\n<figure class=\"wp-block-gallery has-nested-images columns-default is-cropped wp-block-gallery-1 is-layout-flex wp-block-gallery-is-layout-flex\" style=\"border-top-left-radius:0px;border-top-right-radius:0px;border-bottom-left-radius:0px;border-bottom-right-radius:0px\">\n<figure class=\"wp-block-image size-large has-custom-border\"><img loading=\"lazy\" decoding=\"async\" width=\"2560\" height=\"1440\" data-id=\"2450\" src=\"https:\/\/weinzierl-theaterp\u00e4dagogik.de\/wp-content\/uploads\/2026\/01\/A047331-edited-scaled.jpg\" alt=\"\" class=\"wp-image-2450\" style=\"border-top-left-radius:7px;border-top-right-radius:7px;border-bottom-left-radius:7px;border-bottom-right-radius:7px;aspect-ratio:16\/9;object-fit:cover\" srcset=\"https:\/\/weinzierl-theaterp\u00e4dagogik.de\/wp-content\/uploads\/2026\/01\/A047331-edited-scaled.jpg 2560w, https:\/\/weinzierl-theaterp\u00e4dagogik.de\/wp-content\/uploads\/2026\/01\/A047331-edited-300x169.jpg 300w, https:\/\/weinzierl-theaterp\u00e4dagogik.de\/wp-content\/uploads\/2026\/01\/A047331-edited-1024x576.jpg 1024w, https:\/\/weinzierl-theaterp\u00e4dagogik.de\/wp-content\/uploads\/2026\/01\/A047331-edited-768x432.jpg 768w, https:\/\/weinzierl-theaterp\u00e4dagogik.de\/wp-content\/uploads\/2026\/01\/A047331-edited-1536x864.jpg 1536w, https:\/\/weinzierl-theaterp\u00e4dagogik.de\/wp-content\/uploads\/2026\/01\/A047331-edited-2048x1152.jpg 2048w\" sizes=\"auto, (max-width: 2560px) 100vw, 2560px\" \/><\/figure>\n\n\n\n<figure class=\"wp-block-image size-large has-custom-border\"><img loading=\"lazy\" decoding=\"async\" width=\"2560\" height=\"1440\" data-id=\"2449\" src=\"https:\/\/weinzierl-theaterp\u00e4dagogik.de\/wp-content\/uploads\/2026\/01\/A047176-edited-1-scaled.jpg\" alt=\"\" class=\"wp-image-2449\" style=\"border-top-left-radius:7px;border-top-right-radius:7px;border-bottom-left-radius:7px;border-bottom-right-radius:7px;aspect-ratio:16\/9\" srcset=\"https:\/\/weinzierl-theaterp\u00e4dagogik.de\/wp-content\/uploads\/2026\/01\/A047176-edited-1-scaled.jpg 2560w, https:\/\/weinzierl-theaterp\u00e4dagogik.de\/wp-content\/uploads\/2026\/01\/A047176-edited-1-300x169.jpg 300w, https:\/\/weinzierl-theaterp\u00e4dagogik.de\/wp-content\/uploads\/2026\/01\/A047176-edited-1-1024x576.jpg 1024w, https:\/\/weinzierl-theaterp\u00e4dagogik.de\/wp-content\/uploads\/2026\/01\/A047176-edited-1-768x432.jpg 768w, https:\/\/weinzierl-theaterp\u00e4dagogik.de\/wp-content\/uploads\/2026\/01\/A047176-edited-1-1536x864.jpg 1536w, https:\/\/weinzierl-theaterp\u00e4dagogik.de\/wp-content\/uploads\/2026\/01\/A047176-edited-1-2048x1152.jpg 2048w\" sizes=\"auto, (max-width: 2560px) 100vw, 2560px\" \/><\/figure>\n\n\n\n<figure class=\"wp-block-image size-large has-custom-border\"><img loading=\"lazy\" decoding=\"async\" width=\"1024\" height=\"768\" data-id=\"2077\" src=\"https:\/\/weinzierl-theaterp\u00e4dagogik.de\/wp-content\/uploads\/2025\/08\/A047285-1024x768.jpg\" alt=\"\" class=\"wp-image-2077\" style=\"border-style:none;border-width:0px;border-top-left-radius:7px;border-top-right-radius:7px;border-bottom-left-radius:7px;border-bottom-right-radius:7px;aspect-ratio:16\/9\" srcset=\"https:\/\/weinzierl-theaterp\u00e4dagogik.de\/wp-content\/uploads\/2025\/08\/A047285-1024x768.jpg 1024w, https:\/\/weinzierl-theaterp\u00e4dagogik.de\/wp-content\/uploads\/2025\/08\/A047285-300x225.jpg 300w, https:\/\/weinzierl-theaterp\u00e4dagogik.de\/wp-content\/uploads\/2025\/08\/A047285-768x576.jpg 768w, https:\/\/weinzierl-theaterp\u00e4dagogik.de\/wp-content\/uploads\/2025\/08\/A047285-1536x1152.jpg 1536w, https:\/\/weinzierl-theaterp\u00e4dagogik.de\/wp-content\/uploads\/2025\/08\/A047285-2048x1536.jpg 2048w\" sizes=\"auto, (max-width: 1024px) 100vw, 1024px\" \/><\/figure>\n<\/figure>\n\n\n\n<div style=\"height:1.1rem\" aria-hidden=\"true\" class=\"wp-block-spacer\"><\/div>\n\n\n\n<figure class=\"wp-block-image alignleft size-full is-resized wp-duotone-rgb25108209-rgb6013689-2\"><img loading=\"lazy\" decoding=\"async\" width=\"1389\" height=\"84\" src=\"https:\/\/weinzierl-theaterp\u00e4dagogik.de\/wp-content\/uploads\/2026\/01\/Lange-Linie-1.png\" alt=\"\" class=\"wp-image-2363\" style=\"aspect-ratio:16.537475064120834;width:543px;height:auto\" srcset=\"https:\/\/weinzierl-theaterp\u00e4dagogik.de\/wp-content\/uploads\/2026\/01\/Lange-Linie-1.png 1389w, https:\/\/weinzierl-theaterp\u00e4dagogik.de\/wp-content\/uploads\/2026\/01\/Lange-Linie-1-300x18.png 300w, https:\/\/weinzierl-theaterp\u00e4dagogik.de\/wp-content\/uploads\/2026\/01\/Lange-Linie-1-1024x62.png 1024w, https:\/\/weinzierl-theaterp\u00e4dagogik.de\/wp-content\/uploads\/2026\/01\/Lange-Linie-1-768x46.png 768w\" sizes=\"auto, (max-width: 1389px) 100vw, 1389px\" \/><\/figure>\n\n\n\n<div style=\"height:1.1rem\" aria-hidden=\"true\" class=\"wp-block-spacer\"><\/div>\n\n\n\n<div class=\"wp-block-group is-vertical is-layout-flex wp-container-core-group-is-layout-e846fbc9 wp-block-group-is-layout-flex\" style=\"margin-top:0;margin-bottom:0;padding-top:0;padding-right:var(--wp--preset--spacing--60);padding-bottom:0;padding-left:var(--wp--preset--spacing--60)\">\n<h5 class=\"wp-block-heading\">2017: Workshop \u201cDeutschlernen mit Theater\u201d, Goethe Institut La Paz (Bolivien)<\/h5>\n\n\n\n<h5 class=\"wp-block-heading\">2017: Theatermethoden f\u00fcr den Deutschunterricht (DAZ), Goethe Institut, la Paz (Bolivien)<\/h5>\n\n\n\n<h5 class=\"wp-block-heading\">2024 und 2025: \u201c\u00bfHablamos? Taller de improvisaci\u00f3n teatral\u201d, Uni Bremen<\/h5>\n\n\n\n<div style=\"height:0px\" aria-hidden=\"true\" class=\"wp-block-spacer wp-container-content-42c95ffb\"><\/div>\n<\/div>\n\n\n\n<p class=\"has-small-font-size\" style=\"margin-right:var(--wp--preset--spacing--60);margin-left:var(--wp--preset--spacing--60)\">&#8230; weitere Kooperationen sind geplant in 2026.<br>Diese Art der Workshops kann auf Deutsch, Englisch oder Spanisch stattfinden.<\/p>\n\n\n\n<div style=\"height:1.2rem\" aria-hidden=\"true\" class=\"wp-block-spacer\"><\/div>\n\n\n\n<figure class=\"wp-block-image size-large is-resized wp-duotone-rgb4311977-00a5ff-3\"><img loading=\"lazy\" decoding=\"async\" width=\"1024\" height=\"62\" src=\"https:\/\/weinzierl-theaterp\u00e4dagogik.de\/wp-content\/uploads\/2026\/01\/Lange-Linie-2-1024x62.png\" alt=\"\" class=\"wp-image-2361\" style=\"aspect-ratio:16.518805738658394;width:410px;height:auto\" srcset=\"https:\/\/weinzierl-theaterp\u00e4dagogik.de\/wp-content\/uploads\/2026\/01\/Lange-Linie-2-1024x62.png 1024w, https:\/\/weinzierl-theaterp\u00e4dagogik.de\/wp-content\/uploads\/2026\/01\/Lange-Linie-2-300x18.png 300w, https:\/\/weinzierl-theaterp\u00e4dagogik.de\/wp-content\/uploads\/2026\/01\/Lange-Linie-2-768x46.png 768w, https:\/\/weinzierl-theaterp\u00e4dagogik.de\/wp-content\/uploads\/2026\/01\/Lange-Linie-2.png 1389w\" sizes=\"auto, (max-width: 1024px) 100vw, 1024px\" \/><\/figure>\n\n\n\n<p class=\"has-small-font-size\" style=\"margin-right:var(--wp--preset--spacing--60);margin-left:var(--wp--preset--spacing--60)\">Konkrete Infos finden sich <a href=\"https:\/\/weinzierl-theaterp\u00e4dagogik.de\/?page_id=1536\" data-type=\"page\" data-id=\"1536\">hier<\/a> und unter Angebote.<\/p>\n","protected":false},"excerpt":{"rendered":"<p>sprachen lernen mit und durch Theaterspielen 2017: Workshop \u201cDeutschlernen mit Theater\u201d, Goethe Institut La Paz (Bolivien) 2017: Theatermethoden f\u00fcr den Deutschunterricht (DAZ), Goethe Institut, la Paz (Bolivien) 2024 und 2025: \u201c\u00bfHablamos? Taller de improvisaci\u00f3n teatral\u201d, Uni Bremen &#8230; weitere Kooperationen sind geplant in 2026.Diese Art der Workshops kann auf Deutsch, Englisch oder Spanisch stattfinden. Konkrete [&hellip;]<\/p>\n","protected":false},"author":1,"featured_media":0,"parent":0,"menu_order":0,"comment_status":"closed","ping_status":"closed","template":"","meta":{"footnotes":""},"class_list":["post-1533","page","type-page","status-publish","hentry"],"_links":{"self":[{"href":"https:\/\/weinzierl-theaterp\u00e4dagogik.de\/index.php?rest_route=\/wp\/v2\/pages\/1533","targetHints":{"allow":["GET"]}}],"collection":[{"href":"https:\/\/weinzierl-theaterp\u00e4dagogik.de\/index.php?rest_route=\/wp\/v2\/pages"}],"about":[{"href":"https:\/\/weinzierl-theaterp\u00e4dagogik.de\/index.php?rest_route=\/wp\/v2\/types\/page"}],"author":[{"embeddable":true,"href":"https:\/\/weinzierl-theaterp\u00e4dagogik.de\/index.php?rest_route=\/wp\/v2\/users\/1"}],"replies":[{"embeddable":true,"href":"https:\/\/weinzierl-theaterp\u00e4dagogik.de\/index.php?rest_route=%2Fwp%2Fv2%2Fcomments&post=1533"}],"version-history":[{"count":41,"href":"https:\/\/weinzierl-theaterp\u00e4dagogik.de\/index.php?rest_route=\/wp\/v2\/pages\/1533\/revisions"}],"predecessor-version":[{"id":2625,"href":"https:\/\/weinzierl-theaterp\u00e4dagogik.de\/index.php?rest_route=\/wp\/v2\/pages\/1533\/revisions\/2625"}],"wp:attachment":[{"href":"https:\/\/weinzierl-theaterp\u00e4dagogik.de\/index.php?rest_route=%2Fwp%2Fv2%2Fmedia&parent=1533"}],"curies":[{"name":"wp","href":"https:\/\/api.w.org\/{rel}","templated":true}]}}