{"id":1536,"date":"2024-11-18T14:46:09","date_gmt":"2024-11-18T14:46:09","guid":{"rendered":"https:\/\/xn--weinzierl-theaterpdagogik-2ec.de\/?page_id=1536"},"modified":"2026-01-26T17:16:54","modified_gmt":"2026-01-26T17:16:54","slug":"angebote","status":"publish","type":"page","link":"https:\/\/weinzierl-theaterp\u00e4dagogik.de\/?page_id=1536","title":{"rendered":"Angebote"},"content":{"rendered":"\n<h5 class=\"wp-block-heading has-large-font-size\">Angebote<\/h5>\n\n\n\n<div class=\"wp-block-cover is-light has-custom-content-position is-position-top-center\" style=\"border-radius:7px;min-height:129px;aspect-ratio:unset;\"><img loading=\"lazy\" decoding=\"async\" width=\"1389\" height=\"745\" class=\"wp-block-cover__image-background wp-image-2365 size-full\" alt=\"\" src=\"https:\/\/weinzierl-theaterp\u00e4dagogik.de\/wp-content\/uploads\/2026\/01\/blob-1.png\" style=\"object-position:50% 89%\" data-object-fit=\"cover\" data-object-position=\"50% 89%\" srcset=\"https:\/\/weinzierl-theaterp\u00e4dagogik.de\/wp-content\/uploads\/2026\/01\/blob-1.png 1389w, https:\/\/weinzierl-theaterp\u00e4dagogik.de\/wp-content\/uploads\/2026\/01\/blob-1-300x161.png 300w, https:\/\/weinzierl-theaterp\u00e4dagogik.de\/wp-content\/uploads\/2026\/01\/blob-1-1024x549.png 1024w, https:\/\/weinzierl-theaterp\u00e4dagogik.de\/wp-content\/uploads\/2026\/01\/blob-1-768x412.png 768w\" sizes=\"auto, (max-width: 1389px) 100vw, 1389px\" \/><span aria-hidden=\"true\" class=\"wp-block-cover__background has-background-dim-60 has-background-dim\" style=\"background-color:#ebfaf7\"><\/span><div class=\"wp-block-cover__inner-container is-layout-flow wp-block-cover-is-layout-flow\">\n<p class=\"has-small-font-size\" style=\"padding-top:var(--wp--preset--spacing--30);padding-right:var(--wp--preset--spacing--60);padding-bottom:var(--wp--preset--spacing--30);padding-left:var(--wp--preset--spacing--60)\">Sie m\u00f6chten Theaterp\u00e4dagogik einsetzen, um Bildungsinhalte zu vermitteln, die Gruppendynamik Ihrer Teilnehmenden kreativ zu f\u00f6rdern oder Ihre eigenen Ideen mit niedrigschwelligen Theaterans\u00e4tzen umzusetzen? <br>Teilen Sie mir gerne Ihre Vorstellungen mit, und wir \u00fcberlegen gemeinsam, wie sie verwirklicht werden k\u00f6nnen.<\/p>\n<\/div><\/div>\n\n\n\n<div class=\"wp-block-columns is-layout-flex wp-container-core-columns-is-layout-51c0b34d wp-block-columns-is-layout-flex\" style=\"padding-top:var(--wp--preset--spacing--50);padding-bottom:var(--wp--preset--spacing--50)\">\n<div class=\"wp-block-column is-layout-flow wp-block-column-is-layout-flow\" style=\"padding-top:0;padding-bottom:0;flex-basis:50%\">\n<h5 class=\"wp-block-heading\">formate<\/h5>\n\n\n\n<div class=\"wp-block-buttons is-layout-flex wp-block-buttons-is-layout-flex\">\n<div class=\"wp-block-button is-style-outline is-style-outline--1\"><a class=\"wp-block-button__link wp-element-button\" href=\"https:\/\/weinzierl-theaterp\u00e4dagogik.de\/?cat=49\" style=\"border-width:1px;border-top-left-radius:76px;border-top-right-radius:76px;border-bottom-left-radius:76px;border-bottom-right-radius:76px;padding-top:var(--wp--preset--spacing--20);padding-right:var(--wp--preset--spacing--30);padding-bottom:var(--wp--preset--spacing--20);padding-left:var(--wp--preset--spacing--30)\">Ferienspiele<\/a><\/div>\n\n\n\n<div class=\"wp-block-button is-style-outline is-style-outline--2\"><a class=\"wp-block-button__link wp-element-button\" href=\"https:\/\/weinzierl-theaterp\u00e4dagogik.de\/?cat=50\" style=\"border-width:1px;border-top-left-radius:76px;border-top-right-radius:76px;border-bottom-left-radius:76px;border-bottom-right-radius:76px;padding-top:var(--wp--preset--spacing--20);padding-right:var(--wp--preset--spacing--30);padding-bottom:var(--wp--preset--spacing--20);padding-left:var(--wp--preset--spacing--30)\">Kindertheater<\/a><\/div>\n\n\n\n<div class=\"wp-block-button is-style-outline is-style-outline--3\"><a class=\"wp-block-button__link wp-element-button\" href=\"https:\/\/weinzierl-theaterp\u00e4dagogik.de\/?cat=55\" style=\"border-width:1px;border-top-left-radius:76px;border-top-right-radius:76px;border-bottom-left-radius:76px;border-bottom-right-radius:76px;padding-top:var(--wp--preset--spacing--20);padding-right:var(--wp--preset--spacing--30);padding-bottom:var(--wp--preset--spacing--20);padding-left:var(--wp--preset--spacing--30)\">Youth Exchange<\/a><\/div>\n\n\n\n<div class=\"wp-block-button is-style-outline is-style-outline--4\"><a class=\"wp-block-button__link wp-element-button\" href=\"https:\/\/weinzierl-theaterp\u00e4dagogik.de\/?cat=57\" style=\"border-width:1px;border-top-left-radius:76px;border-top-right-radius:76px;border-bottom-left-radius:76px;border-bottom-right-radius:76px;padding-top:var(--wp--preset--spacing--20);padding-right:var(--wp--preset--spacing--30);padding-bottom:var(--wp--preset--spacing--20);padding-left:var(--wp--preset--spacing--30)\">Bildungs-Workshops<\/a><\/div>\n\n\n\n<div class=\"wp-block-button is-style-outline is-style-outline--5\"><a class=\"wp-block-button__link wp-element-button\" href=\"https:\/\/weinzierl-theaterp\u00e4dagogik.de\/?cat=54\" style=\"border-width:1px;border-top-left-radius:76px;border-top-right-radius:76px;border-bottom-left-radius:76px;border-bottom-right-radius:76px;padding-top:var(--wp--preset--spacing--20);padding-right:var(--wp--preset--spacing--30);padding-bottom:var(--wp--preset--spacing--20);padding-left:var(--wp--preset--spacing--30)\">Training Course<\/a><\/div>\n\n\n\n<div class=\"wp-block-button is-style-outline is-style-outline--6\"><a class=\"wp-block-button__link wp-element-button\" href=\"https:\/\/weinzierl-theaterp\u00e4dagogik.de\/?cat=51\" style=\"border-width:1px;border-top-left-radius:76px;border-top-right-radius:76px;border-bottom-left-radius:76px;border-bottom-right-radius:76px;padding-top:var(--wp--preset--spacing--20);padding-right:var(--wp--preset--spacing--30);padding-bottom:var(--wp--preset--spacing--20);padding-left:var(--wp--preset--spacing--30)\">Jugendtheater<\/a><\/div>\n\n\n\n<div class=\"wp-block-button is-style-outline is-style-outline--7\"><a class=\"wp-block-button__link wp-element-button\" href=\"https:\/\/weinzierl-theaterp\u00e4dagogik.de\/?cat=56\" style=\"border-width:1px;border-top-left-radius:76px;border-top-right-radius:76px;border-bottom-left-radius:76px;border-bottom-right-radius:76px;padding-top:var(--wp--preset--spacing--20);padding-right:var(--wp--preset--spacing--30);padding-bottom:var(--wp--preset--spacing--20);padding-left:var(--wp--preset--spacing--30)\">K\u00fcnstlerische Leitung<\/a><\/div>\n\n\n\n<div class=\"wp-block-button is-style-outline is-style-outline--8\"><a class=\"wp-block-button__link wp-element-button\" href=\"https:\/\/weinzierl-theaterp\u00e4dagogik.de\/?cat=58\" style=\"border-width:1px;border-top-left-radius:76px;border-top-right-radius:76px;border-bottom-left-radius:76px;border-bottom-right-radius:76px;padding-top:var(--wp--preset--spacing--20);padding-right:var(--wp--preset--spacing--30);padding-bottom:var(--wp--preset--spacing--20);padding-left:var(--wp--preset--spacing--30)\">Fortbildung<\/a><\/div>\n\n\n\n<div class=\"wp-block-button is-style-outline is-style-outline--9\"><a class=\"wp-block-button__link wp-element-button\" href=\"https:\/\/weinzierl-theaterp\u00e4dagogik.de\/?cat=52\" style=\"border-width:1px;border-top-left-radius:76px;border-top-right-radius:76px;border-bottom-left-radius:76px;border-bottom-right-radius:76px;padding-top:var(--wp--preset--spacing--20);padding-right:var(--wp--preset--spacing--30);padding-bottom:var(--wp--preset--spacing--20);padding-left:var(--wp--preset--spacing--30)\">Erwachsenentheater<\/a><\/div>\n\n\n\n<div class=\"wp-block-button is-style-outline is-style-outline--10\"><a class=\"wp-block-button__link wp-element-button\" style=\"border-width:1px;border-top-left-radius:76px;border-top-right-radius:76px;border-bottom-left-radius:76px;border-bottom-right-radius:76px;padding-top:var(--wp--preset--spacing--20);padding-right:var(--wp--preset--spacing--30);padding-bottom:var(--wp--preset--spacing--20);padding-left:var(--wp--preset--spacing--30)\">Youth Exchange<\/a><\/div>\n<\/div>\n<\/div>\n\n\n\n<div class=\"wp-block-column is-layout-flow wp-block-column-is-layout-flow\" style=\"flex-basis:50%\">\n<h5 class=\"wp-block-heading\">Themen und methoden<\/h5>\n\n\n<p style=\"line-height:1.3; padding-right:0;padding-left:0;\" class=\"is-style-outline wp-block-tag-cloud\"><a href=\"https:\/\/weinzierl-theaterp\u00e4dagogik.de\/?tag=utopien\" class=\"tag-cloud-link tag-link-39 tag-link-position-1\" style=\"font-size: 8pt;\" aria-label=\"Utopien (1\u00a0Eintrag)\">Utopien<\/a><\/p><\/div>\n<\/div>\n\n\n\n<div style=\"height:1rem\" aria-hidden=\"true\" class=\"wp-block-spacer\"><\/div>\n\n\n\n<h5 class=\"wp-block-heading\">einfach anschreiben! <\/h5>\n\n\n\n<p class=\"has-small-font-size\" style=\"margin-top:var(--wp--preset--spacing--30);margin-right:var(--wp--preset--spacing--60);margin-bottom:var(--wp--preset--spacing--30);margin-left:var(--wp--preset--spacing--60)\">Ich biete regelm\u00e4\u00dfige theaterp\u00e4dagogische Workshops und Formate f\u00fcr Kinder, Jugendliche und Erwachsene an.<br>Der <em>Honorarrichtwert<\/em> liegt in der Regel zwischen 50 und 90 \u20ac pro Stunde. Abweichungen sind \u2013 je nach Umfang, Format, Zielgruppe und Rahmenbedingungen \u2013 m\u00f6glich.<br>Blockveranstaltungen, Projekttage oder mehrt\u00e4gige Formate werden meist \u00fcber eine Pauschale berechnet. Fortbildungen erfordern in der Regel eine erh\u00f6hte Vor- und Nachbereitungszeit und werden daher entsprechend eher in einem Rahmen <em>von 100\u20ac pro Stunde<\/em> angesetzt.<br>F\u00fcr einige Anliegen bzw. Workshops besteht au\u00dferdem die M\u00f6glichkeit, F\u00f6rdermittel zu beantragen. Dabei unterst\u00fctze ich Sie gerne beratend oder begleitend, um die Umsetzung der Angebote zu erm\u00f6glichen.<br>Eine kurze E-Mail mit Ihren W\u00fcnschen gen\u00fcgt \u2013 damit kann die gemeinsame Entwicklung und Umsetzung Ihrer Ideen starten und die Kostenkalkulation erstellt werden. <br>Einfach <a href=\"mailto:mimi.weinzierl@gmail.com\" data-type=\"mailto\" data-id=\"mailto:mimi.weinzierl@gmail.com\">hier<\/a> losschicken!<\/p>\n","protected":false},"excerpt":{"rendered":"<p>Angebote formate Themen und methoden einfach anschreiben! Ich biete regelm\u00e4\u00dfige theaterp\u00e4dagogische Workshops und Formate f\u00fcr Kinder, Jugendliche und Erwachsene an.Der Honorarrichtwert liegt in der Regel zwischen 50 und 90 \u20ac pro Stunde. Abweichungen sind \u2013 je nach Umfang, Format, Zielgruppe und Rahmenbedingungen \u2013 m\u00f6glich.Blockveranstaltungen, Projekttage oder mehrt\u00e4gige Formate werden meist \u00fcber eine Pauschale berechnet. Fortbildungen [&hellip;]<\/p>\n","protected":false},"author":1,"featured_media":0,"parent":0,"menu_order":0,"comment_status":"closed","ping_status":"closed","template":"","meta":{"footnotes":""},"class_list":["post-1536","page","type-page","status-publish","hentry"],"_links":{"self":[{"href":"https:\/\/weinzierl-theaterp\u00e4dagogik.de\/index.php?rest_route=\/wp\/v2\/pages\/1536","targetHints":{"allow":["GET"]}}],"collection":[{"href":"https:\/\/weinzierl-theaterp\u00e4dagogik.de\/index.php?rest_route=\/wp\/v2\/pages"}],"about":[{"href":"https:\/\/weinzierl-theaterp\u00e4dagogik.de\/index.php?rest_route=\/wp\/v2\/types\/page"}],"author":[{"embeddable":true,"href":"https:\/\/weinzierl-theaterp\u00e4dagogik.de\/index.php?rest_route=\/wp\/v2\/users\/1"}],"replies":[{"embeddable":true,"href":"https:\/\/weinzierl-theaterp\u00e4dagogik.de\/index.php?rest_route=%2Fwp%2Fv2%2Fcomments&post=1536"}],"version-history":[{"count":15,"href":"https:\/\/weinzierl-theaterp\u00e4dagogik.de\/index.php?rest_route=\/wp\/v2\/pages\/1536\/revisions"}],"predecessor-version":[{"id":2630,"href":"https:\/\/weinzierl-theaterp\u00e4dagogik.de\/index.php?rest_route=\/wp\/v2\/pages\/1536\/revisions\/2630"}],"wp:attachment":[{"href":"https:\/\/weinzierl-theaterp\u00e4dagogik.de\/index.php?rest_route=%2Fwp%2Fv2%2Fmedia&parent=1536"}],"curies":[{"name":"wp","href":"https:\/\/api.w.org\/{rel}","templated":true}]}}