{"id":1565,"date":"2024-11-18T14:46:57","date_gmt":"2024-11-18T14:46:57","guid":{"rendered":"https:\/\/xn--weinzierl-theaterpdagogik-2ec.de\/?page_id=1565"},"modified":"2026-01-26T18:17:40","modified_gmt":"2026-01-26T18:17:40","slug":"ferienspiele","status":"publish","type":"page","link":"https:\/\/weinzierl-theaterp\u00e4dagogik.de\/?page_id=1565","title":{"rendered":"workshops"},"content":{"rendered":"\n<h5 class=\"wp-block-heading has-large-font-size\" style=\"padding-right:var(--wp--preset--spacing--30);padding-left:var(--wp--preset--spacing--30)\">theaterp\u00e4dagogische Workshops<\/h5>\n\n\n\n<div class=\"wp-block-cover is-light has-custom-content-position is-position-top-center\" style=\"border-radius:7px;padding-top:var(--wp--preset--spacing--30);padding-right:var(--wp--preset--spacing--60);padding-bottom:var(--wp--preset--spacing--30);padding-left:var(--wp--preset--spacing--60);min-height:282px;aspect-ratio:unset;\"><img loading=\"lazy\" decoding=\"async\" width=\"1389\" height=\"745\" class=\"wp-block-cover__image-background wp-image-2366 size-full\" alt=\"\" src=\"https:\/\/weinzierl-theaterp\u00e4dagogik.de\/wp-content\/uploads\/2026\/01\/blob-1-1.png\" style=\"object-position:47% 76%\" data-object-fit=\"cover\" data-object-position=\"47% 76%\" srcset=\"https:\/\/weinzierl-theaterp\u00e4dagogik.de\/wp-content\/uploads\/2026\/01\/blob-1-1.png 1389w, https:\/\/weinzierl-theaterp\u00e4dagogik.de\/wp-content\/uploads\/2026\/01\/blob-1-1-300x161.png 300w, https:\/\/weinzierl-theaterp\u00e4dagogik.de\/wp-content\/uploads\/2026\/01\/blob-1-1-1024x549.png 1024w, https:\/\/weinzierl-theaterp\u00e4dagogik.de\/wp-content\/uploads\/2026\/01\/blob-1-1-768x412.png 768w\" sizes=\"auto, (max-width: 1389px) 100vw, 1389px\" \/><span aria-hidden=\"true\" class=\"wp-block-cover__background has-background-dim\" style=\"background-color:#ebfaf7\"><\/span><div class=\"wp-block-cover__inner-container is-layout-flow wp-block-cover-is-layout-flow\">\n<h3 class=\"wp-block-heading has-medium-font-size\">\u201eAnyone can do theater, even actors. <br>And, theater can be done everywhere, even in a theater.\u201c Augusto Boal<\/h3>\n\n\n\n<p class=\"has-small-font-size\">&#8222;Alle k\u00f6nnen Theaterspielen, sogar Schauspieler*innen. Und Theater kann \u00fcberall stattfinden, sogar in einem Theater.&#8220;<br>Ich mag Augusto Boals Ansatz (Gr\u00fcndervater vom <em>Theater der Unterdr\u00fcckten)<\/em> hier sehr.<br>Theater kann \u00fcberall stattfinden! Es braucht keine gro\u00dfe B\u00fchne mit ausladenden Kost\u00fcmen und aufwendigem Licht (auch wenn das nat\u00fcrlich seinen eigenen Charme haben kann). Viel wichtiger ist, dass Theater dort stattfinden kann, wo Menschen sind, und seine Potenziale allen zug\u00e4nglich macht \u2013 unabh\u00e4ngig von Herkunft, Erfahrung oder Vorerfahrungen.<\/p>\n\n\n\n<p class=\"has-small-font-size\">Sie wollen Mithilfe von Theaterp\u00e4dagogik Bildungsinhalte vermitteln, kreativ an der Gruppendynamik ihrer Teilnehmenden arbeitern oder die niedrigschwelligen Ans\u00e4tze von Theaterarbeit f\u00fcr ihre Ideen nutzen? Schreiben Sie mir gerne ihre Ideen und W\u00fcnsche zu um zu sehen, wie wir diese verwirklichen k\u00f6nnen.<\/p>\n<\/div><\/div>\n\n\n\n<h5 class=\"wp-block-heading\">Beispiele<\/h5>\n\n\n\n<div class=\"wp-block-columns is-layout-flex wp-container-core-columns-is-layout-28f84493 wp-block-columns-is-layout-flex\">\n<div class=\"wp-block-column is-layout-flow wp-block-column-is-layout-flow\">\n<div class=\"wp-block-cover has-custom-content-position is-position-bottom-center\" style=\"border-radius:7px;min-height:87px;aspect-ratio:unset;\"><img loading=\"lazy\" decoding=\"async\" width=\"1024\" height=\"768\" class=\"wp-block-cover__image-background wp-image-2174 size-full\" alt=\"\" src=\"https:\/\/weinzierl-theaterp\u00e4dagogik.de\/wp-content\/uploads\/2025\/08\/A058798_klein.jpg\" data-object-fit=\"cover\" srcset=\"https:\/\/weinzierl-theaterp\u00e4dagogik.de\/wp-content\/uploads\/2025\/08\/A058798_klein.jpg 1024w, https:\/\/weinzierl-theaterp\u00e4dagogik.de\/wp-content\/uploads\/2025\/08\/A058798_klein-300x225.jpg 300w, https:\/\/weinzierl-theaterp\u00e4dagogik.de\/wp-content\/uploads\/2025\/08\/A058798_klein-768x576.jpg 768w\" sizes=\"auto, (max-width: 1024px) 100vw, 1024px\" \/><span aria-hidden=\"true\" class=\"wp-block-cover__background has-background-dim\" style=\"background-color:#325988\"><\/span><div class=\"wp-block-cover__inner-container is-layout-flow wp-block-cover-is-layout-flow\">\n<h3 class=\"wp-block-heading\">Ferienspiel<\/h3>\n<\/div><\/div>\n<\/div>\n\n\n\n<div class=\"wp-block-column is-layout-flow wp-block-column-is-layout-flow\">\n<div class=\"wp-block-cover has-custom-content-position is-position-bottom-center\" style=\"border-radius:7px;min-height:87px;aspect-ratio:unset;\"><img loading=\"lazy\" decoding=\"async\" width=\"1024\" height=\"768\" class=\"wp-block-cover__image-background wp-image-2177 size-full\" alt=\"\" src=\"https:\/\/weinzierl-theaterp\u00e4dagogik.de\/wp-content\/uploads\/2025\/08\/A058028_klein.jpg\" style=\"object-position:48% 47%\" data-object-fit=\"cover\" data-object-position=\"48% 47%\" srcset=\"https:\/\/weinzierl-theaterp\u00e4dagogik.de\/wp-content\/uploads\/2025\/08\/A058028_klein.jpg 1024w, https:\/\/weinzierl-theaterp\u00e4dagogik.de\/wp-content\/uploads\/2025\/08\/A058028_klein-300x225.jpg 300w, https:\/\/weinzierl-theaterp\u00e4dagogik.de\/wp-content\/uploads\/2025\/08\/A058028_klein-768x576.jpg 768w\" sizes=\"auto, (max-width: 1024px) 100vw, 1024px\" \/><span aria-hidden=\"true\" class=\"wp-block-cover__background has-background-dim\" style=\"background-color:#325988\"><\/span><div class=\"wp-block-cover__inner-container is-layout-flow wp-block-cover-is-layout-flow\">\n<h3 class=\"wp-block-heading\">Bildungs-Workshop<\/h3>\n<\/div><\/div>\n<\/div>\n\n\n\n<div class=\"wp-block-column is-layout-flow wp-block-column-is-layout-flow\">\n<div class=\"wp-block-cover has-custom-content-position is-position-bottom-center\" style=\"border-radius:7px;min-height:87px;aspect-ratio:unset;\"><img loading=\"lazy\" decoding=\"async\" width=\"1024\" height=\"768\" class=\"wp-block-cover__image-background wp-image-2178 size-full\" alt=\"\" src=\"https:\/\/weinzierl-theaterp\u00e4dagogik.de\/wp-content\/uploads\/2025\/08\/A057953_klein.jpg\" data-object-fit=\"cover\" srcset=\"https:\/\/weinzierl-theaterp\u00e4dagogik.de\/wp-content\/uploads\/2025\/08\/A057953_klein.jpg 1024w, https:\/\/weinzierl-theaterp\u00e4dagogik.de\/wp-content\/uploads\/2025\/08\/A057953_klein-300x225.jpg 300w, https:\/\/weinzierl-theaterp\u00e4dagogik.de\/wp-content\/uploads\/2025\/08\/A057953_klein-768x576.jpg 768w\" sizes=\"auto, (max-width: 1024px) 100vw, 1024px\" \/><span aria-hidden=\"true\" class=\"wp-block-cover__background has-background-dim\" style=\"background-color:#325988\"><\/span><div class=\"wp-block-cover__inner-container is-layout-flow wp-block-cover-is-layout-flow\">\n<h3 class=\"wp-block-heading\">Fortbildung<\/h3>\n<\/div><\/div>\n<\/div>\n<\/div>\n\n\n\n<div class=\"wp-block-columns is-layout-flex wp-container-core-columns-is-layout-51b987f3 wp-block-columns-is-layout-flex\" style=\"margin-top:0;margin-bottom:0;padding-top:var(--wp--preset--spacing--30);padding-right:0;padding-bottom:var(--wp--preset--spacing--30);padding-left:0\">\n<div class=\"wp-block-column is-layout-flow wp-block-column-is-layout-flow\" style=\"padding-right:var(--wp--preset--spacing--60);padding-left:var(--wp--preset--spacing--60)\">\n<p class=\"has-small-font-size\">Ferienspiele bieten Kindern und Jugendlichen die M\u00f6glichkeit, sich in einer mehrt\u00e4gigen Theaterwerkstatt kreativ zu erproben. Durch spielerische \u00dcbungen, Improvisationen und gemeinsames Arbeiten entstehen eigene Szenen und theatrale Formate.<br>Ziel der Ferienspiele ist beispielsweise die F\u00f6rderung von Pers\u00f6nlichkeitsentwicklung, Empowerment, Selbstausdruck und Kommunikation. Gleichzeitig erleben die Teilnehmenden Gemeinschaft, Zusammenarbeit und gegenseitige Unterst\u00fctzung im kreativen Prozess.<\/p>\n<\/div>\n\n\n\n<div class=\"wp-block-column is-layout-flow wp-block-column-is-layout-flow\" style=\"padding-right:var(--wp--preset--spacing--60);padding-left:var(--wp--preset--spacing--60)\">\n<p class=\"has-small-font-size\">Theaterp\u00e4dagogische Workshops k\u00f6nnen eine gro\u00dfe Bandbreite an Themen und Methoden abdecken. Sie dienen der Vermittlung von Bildungsinhalten ebenso wie der F\u00f6rderung unterschiedlicher F\u00e4higkeiten und Werte. Im Mittelpunkt kann das gemeinsame Erleben in der Gruppe stehen \u2013 etwa im Hinblick auf Kooperation, Kommunikation oder soziale Prozesse. Ebenso kann das praktische Ausprobieren einzelner theaterp\u00e4dagogischer Methoden im Fokus stehen, wie Improvisationstheater, Maskenarbeit, Tanztheater oder szenisches Schreiben. Der Fantasie sind dabei keine Grenzen gesetzt.<\/p>\n<\/div>\n\n\n\n<div class=\"wp-block-column is-layout-flow wp-block-column-is-layout-flow\" style=\"padding-right:var(--wp--preset--spacing--60);padding-left:var(--wp--preset--spacing--60)\">\n<p class=\"has-small-font-size\" style=\"margin-top:0;margin-bottom:0\">Im Rahmen meiner theaterp\u00e4dagogischen Arbeit erkenne ich stets die vielf\u00e4ltigen Potenziale, die diese Methoden er\u00f6ffnen, und m\u00f6chte sie auch f\u00fcr andere (soziale) Handlungsfelder zug\u00e4nglich machen. Die angebotenen Fortbildungen richten sich an Fachkr\u00e4fte in soziokulturellen Bereichen, Mitarbeitende von Bildungseinrichtungen sowie alle, die von kreativen Methoden und gruppendynamischen Ans\u00e4tzen profitieren m\u00f6chten.<\/p>\n<\/div>\n<\/div>\n\n\n\n<div style=\"height:1.4em\" aria-hidden=\"true\" class=\"wp-block-spacer\"><\/div>\n\n\n\n<h5 class=\"wp-block-heading\">Aktuelles<\/h5>\n\n\n\n<div class=\"wp-block-group has-global-padding is-layout-constrained wp-block-group-is-layout-constrained\">\n<div class=\"wp-block-query alignfull is-layout-flow wp-block-query-is-layout-flow\">\n<div class=\"wp-block-group is-nowrap is-layout-flex wp-container-core-group-is-layout-24eada54 wp-block-group-is-layout-flex\" style=\"padding-top:var(--wp--preset--spacing--30);padding-right:0;padding-bottom:var(--wp--preset--spacing--30);padding-left:0\"><ul style=\"border-color:#ebfaf7;border-radius:7px;border-width:2rem;\" class=\"columns-3 alignfull wp-block-post-template has-x-small-font-size has-border-color is-layout-grid wp-container-core-post-template-is-layout-2d080239 wp-block-post-template-is-layout-grid\"><li class=\"wp-block-post post-2155 post type-post status-publish format-standard has-post-thumbnail hentry category-blog category-ferienspiele-und-workshops category-workshops tag-utopien\">\n<figure style=\"padding-top:0;padding-bottom:0;margin-right:0;margin-left:0;margin-top:0;margin-bottom:0;\" class=\"modul-rapunzel wp-block-post-featured-image\"><img loading=\"lazy\" decoding=\"async\" width=\"225\" height=\"300\" src=\"https:\/\/weinzierl-theaterp\u00e4dagogik.de\/wp-content\/uploads\/2024\/10\/Kopie-von-IMG_2303-225x300.jpg\" class=\"attachment-medium size-medium wp-post-image\" alt=\"\" style=\"border-radius:7px;object-fit:cover;\" srcset=\"https:\/\/weinzierl-theaterp\u00e4dagogik.de\/wp-content\/uploads\/2024\/10\/Kopie-von-IMG_2303-225x300.jpg 225w, https:\/\/weinzierl-theaterp\u00e4dagogik.de\/wp-content\/uploads\/2024\/10\/Kopie-von-IMG_2303-768x1024.jpg 768w, https:\/\/weinzierl-theaterp\u00e4dagogik.de\/wp-content\/uploads\/2024\/10\/Kopie-von-IMG_2303-1152x1536.jpg 1152w, https:\/\/weinzierl-theaterp\u00e4dagogik.de\/wp-content\/uploads\/2024\/10\/Kopie-von-IMG_2303-1536x2048.jpg 1536w, https:\/\/weinzierl-theaterp\u00e4dagogik.de\/wp-content\/uploads\/2024\/10\/Kopie-von-IMG_2303-scaled.jpg 1920w\" sizes=\"auto, (max-width: 225px) 100vw, 225px\" \/><\/figure>\n\n<div class=\"wp-block-post-date\"><time datetime=\"2024-10-06T15:50:00+00:00\">06\/10\/2024<\/time><\/div>\n\n<h5 style=\"margin-top:0;margin-bottom:0;\" class=\"wp-block-post-title has-small-font-size\">zwischen Traum und Wirklichkeit<\/h5>\n\n<div class=\"taxonomy-category wp-block-post-terms has-x-small-font-size\"><a href=\"https:\/\/weinzierl-theaterp\u00e4dagogik.de\/?cat=9\" rel=\"tag\">Blog<\/a><span class=\"wp-block-post-terms__separator\">, <\/span><a href=\"https:\/\/weinzierl-theaterp\u00e4dagogik.de\/?cat=49\" rel=\"tag\">Ferienspiele<\/a><span class=\"wp-block-post-terms__separator\">, <\/span><a href=\"https:\/\/weinzierl-theaterp\u00e4dagogik.de\/?cat=48\" rel=\"tag\">Workshops<\/a><\/div>\n\n\n<details class=\"wp-block-details has-small-font-size is-layout-flow wp-block-details-is-layout-flow\"><summary><strong>weiterlesen <\/strong><\/summary><div class=\"entry-content wp-block-post-content is-layout-flow wp-block-post-content-is-layout-flow\">\n<p>Im Herbst 2024 fand in Bremen Ferienspiele in den R\u00e4umlichkeiten der St. Marien-Gemeinde in Walle statt, gef\u00f6rdert vom Bremer Senator f\u00fcr Kultur. Dank dieser F\u00f6rderung konnte das Angebot f\u00fcr die teilnehmenden Kinder kostenlos stattfinden. Eine Gruppe von Kindern im Alter von 10 bis 15 Jahren hatte die M\u00f6glichkeit, eine ganze Woche Theater zu spielen und gemeinsam ein kleines St\u00fcck zu entwickeln.<\/p>\n\n\n\n<p>Entstanden ist eine Szenenkollage zum Thema \u201eTr\u00e4ume\u201c. Die Auff\u00fchrung begann, als die H\u00e4lfte der Gruppe ihre Einschlafroutine performativ zeigte und in unterschiedliche Traumwelten eintauchte, die nach und nach miteinander verschmolzen und die Frage offenlie\u00dfen: Was ist real, was Traum?<\/p>\n\n\n\n<p>Besonders beeindruckend war die Zusammenarbeit auf der B\u00fchne: Die Kinder koordinierten ihren B\u00fchnenaufbau und die szenischen Abl\u00e4ufe so, dass sich alle gegenseitig unterst\u00fctzten, jeder seinen Einsatz kannte und die Auftritte der anderen begleitete.<\/p>\n<\/div><\/details>\n\n<\/li><\/ul><\/div>\n\n\n\n\n<\/div>\n<\/div>\n\n\n\n<figure class=\"wp-block-image size-large is-resized\"><img loading=\"lazy\" decoding=\"async\" width=\"1024\" height=\"62\" src=\"https:\/\/weinzierl-theaterp\u00e4dagogik.de\/wp-content\/uploads\/2026\/01\/Lange-Linie-2-1024x62.png\" alt=\"\" class=\"wp-image-2361\" style=\"aspect-ratio:16.518805738658394;width:437px;height:auto\" srcset=\"https:\/\/weinzierl-theaterp\u00e4dagogik.de\/wp-content\/uploads\/2026\/01\/Lange-Linie-2-1024x62.png 1024w, https:\/\/weinzierl-theaterp\u00e4dagogik.de\/wp-content\/uploads\/2026\/01\/Lange-Linie-2-300x18.png 300w, https:\/\/weinzierl-theaterp\u00e4dagogik.de\/wp-content\/uploads\/2026\/01\/Lange-Linie-2-768x46.png 768w, https:\/\/weinzierl-theaterp\u00e4dagogik.de\/wp-content\/uploads\/2026\/01\/Lange-Linie-2.png 1389w\" sizes=\"auto, (max-width: 1024px) 100vw, 1024px\" \/><\/figure>\n\n\n\n<p class=\"has-small-font-size\" style=\"margin-right:var(--wp--preset--spacing--60);margin-left:var(--wp--preset--spacing--60)\">Konkrete Infos finden sich <a href=\"https:\/\/weinzierl-theaterp\u00e4dagogik.de\/?page_id=1536\" data-type=\"page\" data-id=\"1536\">hier<\/a> und unter Angebote.<\/p>\n","protected":false},"excerpt":{"rendered":"<p>theaterp\u00e4dagogische Workshops Beispiele Ferienspiele bieten Kindern und Jugendlichen die M\u00f6glichkeit, sich in einer mehrt\u00e4gigen Theaterwerkstatt kreativ zu erproben. Durch spielerische \u00dcbungen, Improvisationen und gemeinsames Arbeiten entstehen eigene Szenen und theatrale Formate.Ziel der Ferienspiele ist beispielsweise die F\u00f6rderung von Pers\u00f6nlichkeitsentwicklung, Empowerment, Selbstausdruck und Kommunikation. Gleichzeitig erleben die Teilnehmenden Gemeinschaft, Zusammenarbeit und gegenseitige Unterst\u00fctzung im kreativen Prozess. [&hellip;]<\/p>\n","protected":false},"author":1,"featured_media":0,"parent":0,"menu_order":0,"comment_status":"closed","ping_status":"closed","template":"","meta":{"footnotes":""},"class_list":["post-1565","page","type-page","status-publish","hentry"],"_links":{"self":[{"href":"https:\/\/weinzierl-theaterp\u00e4dagogik.de\/index.php?rest_route=\/wp\/v2\/pages\/1565","targetHints":{"allow":["GET"]}}],"collection":[{"href":"https:\/\/weinzierl-theaterp\u00e4dagogik.de\/index.php?rest_route=\/wp\/v2\/pages"}],"about":[{"href":"https:\/\/weinzierl-theaterp\u00e4dagogik.de\/index.php?rest_route=\/wp\/v2\/types\/page"}],"author":[{"embeddable":true,"href":"https:\/\/weinzierl-theaterp\u00e4dagogik.de\/index.php?rest_route=\/wp\/v2\/users\/1"}],"replies":[{"embeddable":true,"href":"https:\/\/weinzierl-theaterp\u00e4dagogik.de\/index.php?rest_route=%2Fwp%2Fv2%2Fcomments&post=1565"}],"version-history":[{"count":47,"href":"https:\/\/weinzierl-theaterp\u00e4dagogik.de\/index.php?rest_route=\/wp\/v2\/pages\/1565\/revisions"}],"predecessor-version":[{"id":2655,"href":"https:\/\/weinzierl-theaterp\u00e4dagogik.de\/index.php?rest_route=\/wp\/v2\/pages\/1565\/revisions\/2655"}],"wp:attachment":[{"href":"https:\/\/weinzierl-theaterp\u00e4dagogik.de\/index.php?rest_route=%2Fwp%2Fv2%2Fmedia&parent=1565"}],"curies":[{"name":"wp","href":"https:\/\/api.w.org\/{rel}","templated":true}]}}