{"id":1950,"date":"2025-08-04T12:26:46","date_gmt":"2025-08-04T12:26:46","guid":{"rendered":"https:\/\/weinzierl-theaterp\u00e4dagogik.de\/?page_id=1950"},"modified":"2026-02-16T12:35:49","modified_gmt":"2026-02-16T12:35:49","slug":"lebenslauf","status":"publish","type":"page","link":"https:\/\/weinzierl-theaterp\u00e4dagogik.de\/?page_id=1950","title":{"rendered":"Lebenslauf &#038; Weiterbildungen"},"content":{"rendered":"\n<p style=\"font-style:normal;font-weight:600\"><em>\u201eTheatre is a form of knowledge; it should and can also be a means of transforming society. <\/em><br><em>Theatre can help us build our future, rather than just waiting for it.\u201c<\/em> ~Augusto Boal<\/p>\n\n\n\n<p class=\"has-small-font-size\" style=\"margin-top:var(--wp--preset--spacing--60);margin-right:var(--wp--preset--spacing--60);margin-bottom:var(--wp--preset--spacing--60);margin-left:var(--wp--preset--spacing--60)\">Boals Worte fassen das zusammen, was ich im Theater sehe: Theater ist f\u00fcr mich mehr als k\u00fcnstlerischer Ausdruck \u2013 es ist ein Ort, an dem Menschen aufeinandertreffen, Erfahrungen teilen und Ver\u00e4nderungen denken k\u00f6nnen. Im gemeinsamen Spiel entstehen neue Perspektiven, das Fragen nach Verantwortung und das Erproben von Handlungsm\u00f6glichkeiten. Theater er\u00f6ffnet die Chance, Gesellschaft nicht nur zu spiegeln, sondern aktiv mitzugestalten.<\/p>\n\n\n\n<h5 class=\"wp-block-heading\">Expertise<\/h5>\n\n\n\n<div class=\"wp-block-group has-global-padding is-content-justification-left is-layout-constrained wp-container-core-group-is-layout-acecbce1 wp-block-group-is-layout-constrained has-background\" style=\"border-radius:7px;margin-top:var(--wp--preset--spacing--20);margin-bottom:var(--wp--preset--spacing--20);padding-top:var(--wp--preset--spacing--30);padding-right:var(--wp--preset--spacing--60);padding-bottom:var(--wp--preset--spacing--30);padding-left:var(--wp--preset--spacing--60);background-image:url(&apos;https:\/\/weinzierl-theaterp\u00e4dagogik.de\/wp-content\/uploads\/2026\/02\/blob-2.png&apos;);background-position:46% 60%;background-size:cover;background-attachment:fixed;\">\n<h3 class=\"wp-block-heading\">K\u00fcnsterlische Leitung<\/h3>\n\n\n\n<details class=\"wp-block-details alignfull has-small-font-size is-layout-flow wp-container-core-details-is-layout-6303b763 wp-block-details-is-layout-flow\" style=\"margin-right:0;margin-left:0\"><summary><em>K\u00fcnstlerische Projektleitung<\/em> bedeutet f\u00fcr mich die Verantwortung f\u00fcr die inhaltliche, \u00e4sthetische und strategische Ausrichtung eines Projekts.<br>Ich verstehe diese Rolle als ein ausgewogenes Zusammenspiel von klarer Struktur und kollaborativem Arbeiten auf Augenh\u00f6he, getragen vom Vertrauen in die Expertise aller Beteiligten. Ziel ist es, kreative Prozesse zu erm\u00f6glichen, ohne dabei Ziele, Zeitrahmen und Verantwortlichkeiten aus dem Blick zu verlieren \u2013 und so Sicherheit ebenso wie k\u00fcnstlerische Freiheit zu schaffen.<br>Inhaltlich umfasst meine Arbeit Recherche und Analyse, das Verfassen wissenschaftlicher Texte, die Konzeption k\u00fcnstlerischer und wissenschaftlicher Projekte, deren Umsetzung sowie das kontinuierliche Monitoring der Projektziele.<br>Seit 2015 arbeite ich regelm\u00e4\u00dfig als k\u00fcnstlerische Leitung in unterschiedlichen Projekten und habe diesen Schwerpunkt im Rahmen meines Masterstudiums vertieft. Seit 2022 leite ich verst\u00e4rkt gr\u00f6\u00dfere, gef\u00f6rderte Projekte, unter anderem im Rahmen von Erasmus+.<\/summary>\n<h5 class=\"wp-block-heading\">Beispiele<\/h5>\n\n\n\n<details class=\"wp-block-details is-layout-flow wp-block-details-is-layout-flow\"><summary>04\/2024-09\/2026 &#8211; <em>K\u00fcnstlerische Leitung im Projekt \u201eParticipatory Performing Arts\u201c<\/em> <\/summary>\n<p><br>Eine Kooperation von sechs europ\u00e4ischen Organisationen. Auf Grundlage von Interviews sowie umfassender lokaler Recherchen zu partizipativen Theatermethoden wurde ein Trainingsprogramm entwickelt, das junge Menschen methodisch darin unterst\u00fctzte, eigene partizipative Theaterformate zu konzipieren und umzusetzen. Im Rahmen des Projekts fanden mehrere internationale Trainingskurse, ein Jugendaustausch sowie \u00fcber einen Zeitraum von sechs Monaten selbstorganisierte lokale Projekte statt, die von den Teilnehmenden eigenverantwortlich initiiert und durchgef\u00fchrt wurden.<\/p>\n\n\n\n<p class=\"has-small-font-size\">Mehr dazu: <a href=\"https:\/\/www.theater-impulse.de\/%C3%BCber-uns\/projekte\/aktuelle-projekte\/\">https:\/\/www.theater-impulse.de\/%C3%BCber-uns\/projekte\/aktuelle-projekte\/<\/a><\/p>\n\n\n\n<p class=\"has-x-small-font-size\">Fokus: <em>Partizipative Theatermethoden, Sensibilisierung f\u00fcr die Arbeit mit marginalisierten Gruppen<\/em><\/p>\n<\/details>\n\n\n\n<details class=\"wp-block-details is-layout-flow wp-block-details-is-layout-flow\"><summary>04\/2022-09\/2023: Im Rahmen des Projekts wurden mehrere internationale Trainingskurse sowie lokale Theaterworkshops konzipiert und umgesetzt.<\/summary>\n<p>&nbsp;Die k\u00fcnstlerische Leitung verantwortete dabei insbesondere die inhaltliche Konzeption, die Koordinierung der Projektabl\u00e4ufe sowie das kontinuierliche Monitoring der k\u00fcnstlerischen und p\u00e4dagogischen Zielsetzungen.<\/p>\n\n\n\n<p>Mehr dazu: <a href=\"https:\/\/www.theater-impulse.de\/%C3%BCber-uns\/projekte\/projektarchiv\/\">https:\/\/www.theater-impulse.de\/%C3%BCber-uns\/projekte\/projektarchiv\/<\/a><\/p>\n\n\n\n<p class=\"has-x-small-font-size\">Fokus: <em>Theater ohne Sprache in der Arbeit mit transkulturellen Gruppen<\/em><\/p>\n<\/details>\n\n\n\n<details class=\"wp-block-details is-layout-flow wp-block-details-is-layout-flow\"><summary>06\/2022-08\/2023: K\u00fcnstlerische Leitung des Projektes \u201cOpen Fields &#8211; Young Artists<br>Networks\u201d<\/summary>\n<p>Begleitung junger K\u00fcnstler:innen auf ihrem Weg der Professionalisierung durch Workshops zu k\u00fcnstlerischen Arbeitsweisen sowie zu Themen wie Selbstpr\u00e4sentation, das Navigieren von Netzwerken und Finanzierung.<\/p>\n<\/details>\n<\/details>\n\n\n\n<h3 class=\"wp-block-heading\">Forschung<\/h3>\n\n\n\n<details class=\"wp-block-details alignfull has-small-font-size is-layout-flow wp-container-core-details-is-layout-8ca15611 wp-block-details-is-layout-flow\" style=\"margin-right:0;margin-left:0\"><summary>Im Rahmen meines Masterstudiums war ich mehrere Jahre als wissenschaftliche Hilfskraft in dem qualitativ ausgerichteten Forschungsprojekt <em>be_smart<\/em> t\u00e4tig.<br>Mein Studium legte dabei einen besonderen Schwerpunkt auf Forschungsmethoden und Projektmanagement. Anschlie\u00dfend habe ich im Kontext von Erasmus-Projekten Forschungsanteile im Bereich der qualitativen Sozialforschung \u00fcbernommen (z.\u202fB. Interviewauswertungen, Falldarstellungen, teilnehmende Beobachtungen). Seit 2024 begleite ich zudem Bachelorarbeiten und deren Forschungsprojekte im Fachbereich Sozialwesen, insbesondere im Studiengang Soziale Arbeit.<\/summary>\n<h5 class=\"wp-block-heading\">Projektbeispiele<\/h5>\n\n\n\n<details class=\"wp-block-details is-layout-flow wp-block-details-is-layout-flow\"><summary>01\/2021 Abschluss der Masterarbeit<\/summary>\n<p>\u201cTheater im offenen Vollzug: Eine empirische Studie \u00fcber Entwicklung und Einflussfaktoren der Selbstwirksamkeitserwartung weiblicher Inhaftierter innerhalb eines biografischen Theaterprojekts\u201d (Qualifizierungsarbeit im Rahmen der Grounded Theory nach Strau\u00df\/Corbin)<\/p>\n<\/details>\n\n\n\n<details class=\"wp-block-details is-layout-flow wp-block-details-is-layout-flow\"><summary>03\/2018-12\/2020 &#8211; Be_smart<\/summary>\n<p>Das Forschungsprojekt <em>be_smart<\/em> untersucht Potenziale und Herausforderungen der Digitalisierung f\u00fcr die kulturelle Teilhabe von Jugendlichen und jungen Erwachsenen mit komplexer Behinderung. Im Fokus stehen digitale Entwicklungen in Musikproduktion und -rezeption sowie deren M\u00f6glichkeiten f\u00fcr mehr Teilhabe an musikalischer Bildung. Zentrale Forschungsfrage ist, welche Potenziale und Herausforderungen Musik-Apps f\u00fcr die Sicherung und Ausweitung kultureller Teilhabe bieten.<\/p>\n<\/details>\n<\/details>\n\n\n\n<h3 class=\"wp-block-heading\">Publikationen<\/h3>\n\n\n\n<details class=\"wp-block-details alignfull has-small-font-size is-layout-flow wp-block-details-is-layout-flow\" style=\"margin-right:0;margin-left:0\"><summary>Nachfolgend finden sich eine \u00dcbersicht meiner Publikationen sowie&nbsp; wissenschaftliche und nicht so wissenschaftliche Beitr\u00e4ge.<\/summary>\n<p>Weinzierl, Miriam (2026): <em>Theaterarbeit im offenen Vollzug \u2013 eine empirische Ann\u00e4herung an die Schnittstelle Kulturelle Bildung und Soziale Arbeit<\/em><\/p>\n\n\n\n<p>Weinzierl, Miriam (2021):<em>Theater im offenen Vollzug \u2013 Eine empirische Studie \u00fcber Entwicklung und Einflussfaktoren der Selbstwirksamkeitserwartung weiblicher Inhaftierter innerhalb eines biografischen Theaterprojekts. <\/em>Unver\u00f6ffentlichte Masterarbeit. Fachhochschule Bielefeld.<\/p>\n\n\n\n<p>TraumZeitRisse: <em>Kurzgeschichten<\/em> (2024) Primero Verlag Wain<\/p>\n<\/details>\n<\/div>\n\n\n\n<div style=\"height:29px\" aria-hidden=\"true\" class=\"wp-block-spacer\"><\/div>\n\n\n\n<h5 class=\"wp-block-heading\">Blogbuch<\/h5>\n\n\n\n<div class=\"wp-block-query is-layout-flow wp-block-query-is-layout-flow\"><ul class=\"wp-block-post-template is-layout-flow wp-block-post-template-is-layout-flow\"><li class=\"wp-block-post post-2262 post type-post status-publish format-standard has-post-thumbnail hentry category-blog category-theorie\">\n<h5 class=\"wp-block-post-title has-medium-font-size\"><a href=\"https:\/\/weinzierl-theaterp\u00e4dagogik.de\/?p=2262\" target=\"_self\" >Blogeintrag No1<\/a><\/h5>\n\n<div class=\"wp-block-post-date\"><time datetime=\"2021-08-07T11:57:00+00:00\">07\/08\/2021<\/time><\/div>\n\n<div style=\"font-size:clamp(0.875rem, 0.875rem + ((1vw - 0.2rem) * 0.281), 1.1rem);\" class=\"entry-content wp-block-post-content is-layout-flow wp-block-post-content-is-layout-flow\">\n<p>Willkommen in meinem Blog! <\/p>\n\n\n\n<p>Hier m\u00f6chte ich Einblicke und Gedanken aus meiner theaterp\u00e4dagogischen Arbeit rund um Theater, Kreativit\u00e4t und Gruppenprozesse teilen\u2013 viel Spa\u00df beim Umsehen!<\/p>\n<\/div>\n<\/li><\/ul>\n\n\n\n<\/div>\n\n\n\n<div style=\"height:2em\" aria-hidden=\"true\" class=\"wp-block-spacer\"><\/div>\n\n\n\n<h5 class=\"wp-block-heading\">Kooperationspartner<\/h5>\n\n\n\n<figure class=\"wp-block-gallery has-nested-images columns-6 has-border-color has-white-border-color has-white-background-color has-background wp-block-gallery-1 is-layout-flex wp-block-gallery-is-layout-flex\" style=\"border-width:15px;border-radius:7px\">\n<figure class=\"wp-block-image size-medium\" style=\"margin-top:var(--wp--preset--spacing--30);margin-right:var(--wp--preset--spacing--30);margin-bottom:var(--wp--preset--spacing--30);margin-left:var(--wp--preset--spacing--30)\"><img loading=\"lazy\" decoding=\"async\" width=\"300\" height=\"187\" data-id=\"2285\" src=\"https:\/\/weinzierl-theaterp\u00e4dagogik.de\/wp-content\/uploads\/2025\/08\/LWL-Logo_blau_RZ-300x187.jpg\" alt=\"\" class=\"wp-image-2285\" srcset=\"https:\/\/weinzierl-theaterp\u00e4dagogik.de\/wp-content\/uploads\/2025\/08\/LWL-Logo_blau_RZ-300x187.jpg 300w, https:\/\/weinzierl-theaterp\u00e4dagogik.de\/wp-content\/uploads\/2025\/08\/LWL-Logo_blau_RZ-1024x637.jpg 1024w, https:\/\/weinzierl-theaterp\u00e4dagogik.de\/wp-content\/uploads\/2025\/08\/LWL-Logo_blau_RZ-768x478.jpg 768w, https:\/\/weinzierl-theaterp\u00e4dagogik.de\/wp-content\/uploads\/2025\/08\/LWL-Logo_blau_RZ-1536x955.jpg 1536w, https:\/\/weinzierl-theaterp\u00e4dagogik.de\/wp-content\/uploads\/2025\/08\/LWL-Logo_blau_RZ.jpg 1696w\" sizes=\"auto, (max-width: 300px) 100vw, 300px\" \/><\/figure>\n\n\n\n<figure class=\"wp-block-image size-medium\" style=\"margin-top:var(--wp--preset--spacing--30);margin-bottom:var(--wp--preset--spacing--30)\"><img loading=\"lazy\" decoding=\"async\" width=\"300\" height=\"90\" data-id=\"2278\" src=\"https:\/\/weinzierl-theaterp\u00e4dagogik.de\/wp-content\/uploads\/2025\/08\/jugend-fuer-europa-logo-300x90.jpg\" alt=\"\" class=\"wp-image-2278\" srcset=\"https:\/\/weinzierl-theaterp\u00e4dagogik.de\/wp-content\/uploads\/2025\/08\/jugend-fuer-europa-logo-300x90.jpg 300w, https:\/\/weinzierl-theaterp\u00e4dagogik.de\/wp-content\/uploads\/2025\/08\/jugend-fuer-europa-logo-768x231.jpg 768w, https:\/\/weinzierl-theaterp\u00e4dagogik.de\/wp-content\/uploads\/2025\/08\/jugend-fuer-europa-logo.jpg 966w\" sizes=\"auto, (max-width: 300px) 100vw, 300px\" \/><\/figure>\n\n\n\n<figure class=\"wp-block-image size-medium\" style=\"margin-top:var(--wp--preset--spacing--30);margin-right:var(--wp--preset--spacing--30);margin-bottom:var(--wp--preset--spacing--30);margin-left:var(--wp--preset--spacing--30)\"><img loading=\"lazy\" decoding=\"async\" width=\"300\" height=\"206\" data-id=\"2281\" src=\"https:\/\/weinzierl-theaterp\u00e4dagogik.de\/wp-content\/uploads\/2025\/08\/bfb_logo_gr-1-300x206.png\" alt=\"\" class=\"wp-image-2281\" srcset=\"https:\/\/weinzierl-theaterp\u00e4dagogik.de\/wp-content\/uploads\/2025\/08\/bfb_logo_gr-1-300x206.png 300w, https:\/\/weinzierl-theaterp\u00e4dagogik.de\/wp-content\/uploads\/2025\/08\/bfb_logo_gr-1.png 312w\" sizes=\"auto, (max-width: 300px) 100vw, 300px\" \/><\/figure>\n\n\n\n<figure class=\"wp-block-image size-medium\" style=\"margin-top:var(--wp--preset--spacing--30);margin-right:var(--wp--preset--spacing--30);margin-bottom:var(--wp--preset--spacing--30);margin-left:var(--wp--preset--spacing--30)\"><img loading=\"lazy\" decoding=\"async\" width=\"300\" height=\"127\" data-id=\"2287\" src=\"https:\/\/weinzierl-theaterp\u00e4dagogik.de\/wp-content\/uploads\/2025\/08\/schlachthof-Logo-300x127.jpg\" alt=\"\" class=\"wp-image-2287\" srcset=\"https:\/\/weinzierl-theaterp\u00e4dagogik.de\/wp-content\/uploads\/2025\/08\/schlachthof-Logo-300x127.jpg 300w, https:\/\/weinzierl-theaterp\u00e4dagogik.de\/wp-content\/uploads\/2025\/08\/schlachthof-Logo.jpg 499w\" sizes=\"auto, (max-width: 300px) 100vw, 300px\" \/><\/figure>\n\n\n\n<figure class=\"wp-block-image size-medium\" style=\"margin-top:var(--wp--preset--spacing--30);margin-right:var(--wp--preset--spacing--30);margin-bottom:var(--wp--preset--spacing--30);margin-left:var(--wp--preset--spacing--30)\"><img loading=\"lazy\" decoding=\"async\" width=\"300\" height=\"232\" data-id=\"2274\" src=\"https:\/\/weinzierl-theaterp\u00e4dagogik.de\/wp-content\/uploads\/2025\/08\/wege-ins-theater-4c-rgb-640x508-1-e1663231766126-300x232.jpg\" alt=\"\" class=\"wp-image-2274\" srcset=\"https:\/\/weinzierl-theaterp\u00e4dagogik.de\/wp-content\/uploads\/2025\/08\/wege-ins-theater-4c-rgb-640x508-1-e1663231766126-300x232.jpg 300w, https:\/\/weinzierl-theaterp\u00e4dagogik.de\/wp-content\/uploads\/2025\/08\/wege-ins-theater-4c-rgb-640x508-1-e1663231766126.jpg 604w\" sizes=\"auto, (max-width: 300px) 100vw, 300px\" \/><\/figure>\n\n\n\n<figure class=\"wp-block-image size-medium\" style=\"margin-top:var(--wp--preset--spacing--30);margin-right:var(--wp--preset--spacing--30);margin-bottom:var(--wp--preset--spacing--30);margin-left:var(--wp--preset--spacing--30)\"><img loading=\"lazy\" decoding=\"async\" width=\"300\" height=\"168\" data-id=\"2282\" src=\"https:\/\/weinzierl-theaterp\u00e4dagogik.de\/wp-content\/uploads\/2025\/08\/Logo_der_ASSITEJ_Deutschland-300x168.jpg\" alt=\"\" class=\"wp-image-2282\" srcset=\"https:\/\/weinzierl-theaterp\u00e4dagogik.de\/wp-content\/uploads\/2025\/08\/Logo_der_ASSITEJ_Deutschland-300x168.jpg 300w, https:\/\/weinzierl-theaterp\u00e4dagogik.de\/wp-content\/uploads\/2025\/08\/Logo_der_ASSITEJ_Deutschland.jpg 737w\" sizes=\"auto, (max-width: 300px) 100vw, 300px\" \/><\/figure>\n\n\n\n<figure class=\"wp-block-image size-medium\" style=\"margin-top:var(--wp--preset--spacing--30);margin-right:var(--wp--preset--spacing--30);margin-bottom:var(--wp--preset--spacing--30);margin-left:var(--wp--preset--spacing--30)\"><img loading=\"lazy\" decoding=\"async\" width=\"233\" height=\"131\" data-id=\"2291\" src=\"https:\/\/weinzierl-theaterp\u00e4dagogik.de\/wp-content\/uploads\/2025\/08\/Logo-Kultur-und-Schule-edited.png\" alt=\"\" class=\"wp-image-2291\"\/><\/figure>\n\n\n\n<figure class=\"wp-block-image size-medium\" style=\"margin-top:var(--wp--preset--spacing--30);margin-right:var(--wp--preset--spacing--30);margin-bottom:var(--wp--preset--spacing--30);margin-left:var(--wp--preset--spacing--30)\"><img loading=\"lazy\" decoding=\"async\" width=\"300\" height=\"225\" data-id=\"2290\" src=\"https:\/\/weinzierl-theaterp\u00e4dagogik.de\/wp-content\/uploads\/2025\/08\/Logo-BGHOSL-edited-1-300x225.jpg\" alt=\"\" class=\"wp-image-2290\" srcset=\"https:\/\/weinzierl-theaterp\u00e4dagogik.de\/wp-content\/uploads\/2025\/08\/Logo-BGHOSL-edited-1-300x225.jpg 300w, https:\/\/weinzierl-theaterp\u00e4dagogik.de\/wp-content\/uploads\/2025\/08\/Logo-BGHOSL-edited-1-1024x768.jpg 1024w, https:\/\/weinzierl-theaterp\u00e4dagogik.de\/wp-content\/uploads\/2025\/08\/Logo-BGHOSL-edited-1-768x576.jpg 768w, https:\/\/weinzierl-theaterp\u00e4dagogik.de\/wp-content\/uploads\/2025\/08\/Logo-BGHOSL-edited-1-1536x1152.jpg 1536w, https:\/\/weinzierl-theaterp\u00e4dagogik.de\/wp-content\/uploads\/2025\/08\/Logo-BGHOSL-edited-1-2048x1536.jpg 2048w\" sizes=\"auto, (max-width: 300px) 100vw, 300px\" \/><\/figure>\n\n\n\n<figure class=\"wp-block-image size-medium\" style=\"margin-top:var(--wp--preset--spacing--30);margin-right:var(--wp--preset--spacing--30);margin-bottom:var(--wp--preset--spacing--30);margin-left:var(--wp--preset--spacing--30)\"><img loading=\"lazy\" decoding=\"async\" width=\"300\" height=\"150\" data-id=\"2286\" src=\"https:\/\/weinzierl-theaterp\u00e4dagogik.de\/wp-content\/uploads\/2025\/08\/mitglied-logo-bethel-deutscher-spendenrat-300x150.png\" alt=\"\" class=\"wp-image-2286\" srcset=\"https:\/\/weinzierl-theaterp\u00e4dagogik.de\/wp-content\/uploads\/2025\/08\/mitglied-logo-bethel-deutscher-spendenrat-300x150.png 300w, https:\/\/weinzierl-theaterp\u00e4dagogik.de\/wp-content\/uploads\/2025\/08\/mitglied-logo-bethel-deutscher-spendenrat.png 400w\" sizes=\"auto, (max-width: 300px) 100vw, 300px\" \/><\/figure>\n\n\n\n<figure class=\"wp-block-image size-medium\" style=\"margin-top:var(--wp--preset--spacing--30);margin-right:var(--wp--preset--spacing--30);margin-bottom:var(--wp--preset--spacing--30);margin-left:var(--wp--preset--spacing--30)\"><img loading=\"lazy\" decoding=\"async\" width=\"300\" height=\"53\" data-id=\"2276\" src=\"https:\/\/weinzierl-theaterp\u00e4dagogik.de\/wp-content\/uploads\/2025\/08\/Der.Senator.fuer_.Kultur-300x53.jpg\" alt=\"\" class=\"wp-image-2276\" srcset=\"https:\/\/weinzierl-theaterp\u00e4dagogik.de\/wp-content\/uploads\/2025\/08\/Der.Senator.fuer_.Kultur-300x53.jpg 300w, https:\/\/weinzierl-theaterp\u00e4dagogik.de\/wp-content\/uploads\/2025\/08\/Der.Senator.fuer_.Kultur-1024x180.jpg 1024w, https:\/\/weinzierl-theaterp\u00e4dagogik.de\/wp-content\/uploads\/2025\/08\/Der.Senator.fuer_.Kultur-768x135.jpg 768w, https:\/\/weinzierl-theaterp\u00e4dagogik.de\/wp-content\/uploads\/2025\/08\/Der.Senator.fuer_.Kultur-1536x270.jpg 1536w, https:\/\/weinzierl-theaterp\u00e4dagogik.de\/wp-content\/uploads\/2025\/08\/Der.Senator.fuer_.Kultur-2048x360.jpg 2048w\" sizes=\"auto, (max-width: 300px) 100vw, 300px\" \/><\/figure>\n\n\n\n<figure class=\"wp-block-image size-medium\" style=\"margin-top:var(--wp--preset--spacing--30);margin-right:var(--wp--preset--spacing--30);margin-bottom:var(--wp--preset--spacing--30);margin-left:var(--wp--preset--spacing--30)\"><img loading=\"lazy\" decoding=\"async\" width=\"300\" height=\"239\" data-id=\"2275\" src=\"https:\/\/weinzierl-theaterp\u00e4dagogik.de\/wp-content\/uploads\/2025\/08\/cbs_schullogo_ballon-300x239.jpg\" alt=\"\" class=\"wp-image-2275\" srcset=\"https:\/\/weinzierl-theaterp\u00e4dagogik.de\/wp-content\/uploads\/2025\/08\/cbs_schullogo_ballon-300x239.jpg 300w, https:\/\/weinzierl-theaterp\u00e4dagogik.de\/wp-content\/uploads\/2025\/08\/cbs_schullogo_ballon-1024x815.jpg 1024w, https:\/\/weinzierl-theaterp\u00e4dagogik.de\/wp-content\/uploads\/2025\/08\/cbs_schullogo_ballon-768x611.jpg 768w, https:\/\/weinzierl-theaterp\u00e4dagogik.de\/wp-content\/uploads\/2025\/08\/cbs_schullogo_ballon-1536x1222.jpg 1536w, https:\/\/weinzierl-theaterp\u00e4dagogik.de\/wp-content\/uploads\/2025\/08\/cbs_schullogo_ballon.jpg 1727w\" sizes=\"auto, (max-width: 300px) 100vw, 300px\" \/><\/figure>\n\n\n\n<figure class=\"wp-block-image size-medium\" style=\"margin-top:var(--wp--preset--spacing--50);margin-right:var(--wp--preset--spacing--30);margin-bottom:var(--wp--preset--spacing--50);margin-left:var(--wp--preset--spacing--30)\"><img loading=\"lazy\" decoding=\"async\" width=\"300\" height=\"108\" data-id=\"2284\" src=\"https:\/\/weinzierl-theaterp\u00e4dagogik.de\/wp-content\/uploads\/2025\/08\/Logo_ub_2021-300x108.png\" alt=\"\" class=\"wp-image-2284\" srcset=\"https:\/\/weinzierl-theaterp\u00e4dagogik.de\/wp-content\/uploads\/2025\/08\/Logo_ub_2021-300x108.png 300w, https:\/\/weinzierl-theaterp\u00e4dagogik.de\/wp-content\/uploads\/2025\/08\/Logo_ub_2021.png 418w\" sizes=\"auto, (max-width: 300px) 100vw, 300px\" \/><\/figure>\n\n\n\n<figure class=\"wp-block-image size-medium\" style=\"margin-top:var(--wp--preset--spacing--30);margin-right:var(--wp--preset--spacing--30);margin-bottom:var(--wp--preset--spacing--30);margin-left:var(--wp--preset--spacing--30)\"><img loading=\"lazy\" decoding=\"async\" width=\"300\" height=\"155\" data-id=\"2277\" src=\"https:\/\/weinzierl-theaterp\u00e4dagogik.de\/wp-content\/uploads\/2025\/08\/image_preview-300x155.png\" alt=\"\" class=\"wp-image-2277\" srcset=\"https:\/\/weinzierl-theaterp\u00e4dagogik.de\/wp-content\/uploads\/2025\/08\/image_preview-300x155.png 300w, https:\/\/weinzierl-theaterp\u00e4dagogik.de\/wp-content\/uploads\/2025\/08\/image_preview.png 400w\" sizes=\"auto, (max-width: 300px) 100vw, 300px\" \/><\/figure>\n\n\n\n<figure class=\"wp-block-image size-medium\" style=\"margin-top:var(--wp--preset--spacing--30);margin-right:var(--wp--preset--spacing--30);margin-bottom:var(--wp--preset--spacing--30);margin-left:var(--wp--preset--spacing--30)\"><img loading=\"lazy\" decoding=\"async\" width=\"300\" height=\"140\" data-id=\"2283\" src=\"https:\/\/weinzierl-theaterp\u00e4dagogik.de\/wp-content\/uploads\/2025\/08\/Logo_Goethe-Institut-300x140.png\" alt=\"\" class=\"wp-image-2283\" srcset=\"https:\/\/weinzierl-theaterp\u00e4dagogik.de\/wp-content\/uploads\/2025\/08\/Logo_Goethe-Institut-300x140.png 300w, https:\/\/weinzierl-theaterp\u00e4dagogik.de\/wp-content\/uploads\/2025\/08\/Logo_Goethe-Institut-1024x479.png 1024w, https:\/\/weinzierl-theaterp\u00e4dagogik.de\/wp-content\/uploads\/2025\/08\/Logo_Goethe-Institut-768x359.png 768w, https:\/\/weinzierl-theaterp\u00e4dagogik.de\/wp-content\/uploads\/2025\/08\/Logo_Goethe-Institut-1536x719.png 1536w, https:\/\/weinzierl-theaterp\u00e4dagogik.de\/wp-content\/uploads\/2025\/08\/Logo_Goethe-Institut-2048x959.png 2048w\" sizes=\"auto, (max-width: 300px) 100vw, 300px\" \/><\/figure>\n<\/figure>\n\n\n\n<div style=\"height:2em\" aria-hidden=\"true\" class=\"wp-block-spacer\"><\/div>\n\n\n\n<h5 class=\"wp-block-heading\" id=\"alleprojekte\">Auflistung aller Projekte<\/h5>\n\n\n\n<div class=\"wp-block-query is-layout-flow wp-block-query-is-layout-flow\"><ul style=\"padding-top:0;padding-bottom:0;\" class=\"columns-4 wp-block-post-template has-small-font-size is-layout-grid wp-container-core-post-template-is-layout-3a4c1b06 wp-block-post-template-is-layout-grid\"><li class=\"wp-block-post post-2262 post type-post status-publish format-standard has-post-thumbnail hentry category-blog category-theorie\">\n<h5 class=\"wp-block-post-title has-small-font-size\">Blogeintrag No1<\/h5>\n\n<div class=\"wp-block-post-date\"><time datetime=\"2021-08-07T11:57:00+00:00\">07\/08\/2021<\/time><\/div>\n<\/li><li class=\"wp-block-post post-2155 post type-post status-publish format-standard has-post-thumbnail hentry category-blog category-ferienspiele-und-workshops category-workshops tag-utopien\">\n<h5 class=\"wp-block-post-title has-small-font-size\">zwischen Traum und Wirklichkeit<\/h5>\n\n<div class=\"wp-block-post-date\"><time datetime=\"2024-10-06T15:50:00+00:00\">06\/10\/2024<\/time><\/div>\n<\/li><li class=\"wp-block-post post-1742 post type-post status-publish format-standard has-post-thumbnail hentry category-inszenierungen category-inszenierungen-mit-kindern-und-jugendlichen category-sprachen-lernen\">\n<h5 class=\"wp-block-post-title has-small-font-size\">Tanz.Lab<\/h5>\n\n<div class=\"wp-block-post-date\"><time datetime=\"2024-09-01T11:39:00+00:00\">01\/09\/2024<\/time><\/div>\n<\/li><\/ul>\n\n\n\n<\/div>\n\n\n\n<div style=\"height:42px\" aria-hidden=\"true\" class=\"wp-block-spacer\"><\/div>\n\n\n\n<figure class=\"wp-block-image size-large is-resized wp-duotone-1900d8-rgb131255107-2\"><img loading=\"lazy\" decoding=\"async\" width=\"1024\" height=\"62\" src=\"https:\/\/weinzierl-theaterp\u00e4dagogik.de\/wp-content\/uploads\/2026\/01\/Lange-Linie-1-1024x62.png\" alt=\"\" class=\"wp-image-2363\" style=\"aspect-ratio:16.517951425554383;width:403px;height:auto\" srcset=\"https:\/\/weinzierl-theaterp\u00e4dagogik.de\/wp-content\/uploads\/2026\/01\/Lange-Linie-1-1024x62.png 1024w, https:\/\/weinzierl-theaterp\u00e4dagogik.de\/wp-content\/uploads\/2026\/01\/Lange-Linie-1-300x18.png 300w, https:\/\/weinzierl-theaterp\u00e4dagogik.de\/wp-content\/uploads\/2026\/01\/Lange-Linie-1-768x46.png 768w, https:\/\/weinzierl-theaterp\u00e4dagogik.de\/wp-content\/uploads\/2026\/01\/Lange-Linie-1.png 1389w\" sizes=\"auto, (max-width: 1024px) 100vw, 1024px\" \/><\/figure>\n\n\n\n<p class=\"has-small-font-size\" style=\"margin-right:var(--wp--preset--spacing--60);margin-left:var(--wp--preset--spacing--60)\">Konkrete Infos finden sich <a href=\"https:\/\/weinzierl-theaterp\u00e4dagogik.de\/?page_id=1536\" data-type=\"page\" data-id=\"1536\">hier<\/a> und unter Angebote.<\/p>\n","protected":false},"excerpt":{"rendered":"<p>\u201eTheatre is a form of knowledge; it should and can also be a means of transforming society. Theatre can help us build our future, rather than just waiting for it.\u201c ~Augusto Boal Boals Worte fassen das zusammen, was ich im Theater sehe: Theater ist f\u00fcr mich mehr als k\u00fcnstlerischer Ausdruck \u2013 es ist ein Ort, [&hellip;]<\/p>\n","protected":false},"author":1,"featured_media":0,"parent":0,"menu_order":0,"comment_status":"closed","ping_status":"closed","template":"","meta":{"footnotes":""},"class_list":["post-1950","page","type-page","status-publish","hentry"],"_links":{"self":[{"href":"https:\/\/weinzierl-theaterp\u00e4dagogik.de\/index.php?rest_route=\/wp\/v2\/pages\/1950","targetHints":{"allow":["GET"]}}],"collection":[{"href":"https:\/\/weinzierl-theaterp\u00e4dagogik.de\/index.php?rest_route=\/wp\/v2\/pages"}],"about":[{"href":"https:\/\/weinzierl-theaterp\u00e4dagogik.de\/index.php?rest_route=\/wp\/v2\/types\/page"}],"author":[{"embeddable":true,"href":"https:\/\/weinzierl-theaterp\u00e4dagogik.de\/index.php?rest_route=\/wp\/v2\/users\/1"}],"replies":[{"embeddable":true,"href":"https:\/\/weinzierl-theaterp\u00e4dagogik.de\/index.php?rest_route=%2Fwp%2Fv2%2Fcomments&post=1950"}],"version-history":[{"count":58,"href":"https:\/\/weinzierl-theaterp\u00e4dagogik.de\/index.php?rest_route=\/wp\/v2\/pages\/1950\/revisions"}],"predecessor-version":[{"id":2776,"href":"https:\/\/weinzierl-theaterp\u00e4dagogik.de\/index.php?rest_route=\/wp\/v2\/pages\/1950\/revisions\/2776"}],"wp:attachment":[{"href":"https:\/\/weinzierl-theaterp\u00e4dagogik.de\/index.php?rest_route=%2Fwp%2Fv2%2Fmedia&parent=1950"}],"curies":[{"name":"wp","href":"https:\/\/api.w.org\/{rel}","templated":true}]}}